{"id":107,"date":"2019-11-13T13:00:28","date_gmt":"2019-11-13T13:00:28","guid":{"rendered":"http:\/\/www.wbv-oste.de\/?page_id=107"},"modified":"2020-01-31T08:25:36","modified_gmt":"2020-01-31T08:25:36","slug":"ueber-uns","status":"publish","type":"page","link":"https:\/\/uhv-untere-oste.de\/?page_id=107","title":{"rendered":"\u00dcber uns"},"content":{"rendered":"\n<div class=\"wp-block-group\"><div class=\"wp-block-group__inner-container is-layout-flow wp-block-group-is-layout-flow\">\n<p>Der Unterhaltungsverband Untere Oste wurde am 26. Mai 1965 zusammen mit 113 weiteren Verb\u00e4nden gegr\u00fcndet. Gesetzliche Grundlage ist das Nieders\u00e4chsische Wassergesetz (NWG), \u00a7\u00a7 61 ff. Er ist nach \u00a7 63 ff des NWG ein Wasser- und Bodenverband mit der Aufgabe der Unterhaltung der Gew\u00e4sser II. Ordnung (Gew\u00e4sser mit \u00fcber\u00f6rtlicher Bedeutung). <\/p>\n\n\n\n<p>Ab  01.01.2014 sind auch die Verbandsgew\u00e4sser III. Ordnung im Bereich der Beitragsabteilung Hemm, Wisch und Warstade zu unterhalten. Der Verband ist eine K\u00f6rperschaft des \u00f6ffentlichen Rechts und hat seinen Sitz in Hemmoor. <\/p>\n\n\n\n<p>Er ist Mitglied des Wasserverbandstages Niedersachsen, Bremen und Sachsen-Anhalt e.V..<\/p>\n<\/div><\/div>\n\n\n\n<h2 class=\"wp-block-heading\">Downloads:<\/h2>\n\n\n\n<ul class=\"wp-block-list\"><li><a href=\"http:\/\/wbv-oste.de\/wp-content\/uploads\/2019\/11\/Satzung-einschl.-erste-bis-siebte-\u00c4nd._12.12.13.pdf\">Satzung Unterhaltungsverband Untere Oste<\/a><\/li><li><a href=\"http:\/\/wbv-oste.de\/wp-content\/uploads\/2019\/11\/Festschrift_UVO.pdf\">Jubil\u00e4umsschrift Unterhaltungsverband Untere Oste<\/a><\/li><li><a href=\"http:\/\/wbv-oste.de\/wp-content\/uploads\/2019\/11\/UHV-Flyer-19-1.pdf\">Flyer Unterhaltungsverband Untere Oste<\/a><\/li><\/ul>\n","protected":false},"excerpt":{"rendered":"<p>Der Unterhaltungsverband Untere Oste wurde am 26. Mai 1965 zusammen mit 113 weiteren Verb\u00e4nden gegr\u00fcndet. Gesetzliche Grundlage ist das Nieders\u00e4chsische Wassergesetz (NWG), \u00a7\u00a7 61 ff. Er ist nach \u00a7 63 ff des NWG ein Wasser- und Bodenverband mit der Aufgabe der Unterhaltung der Gew\u00e4sser II. Ordnung (Gew\u00e4sser mit \u00fcber\u00f6rtlicher Bedeutung). Ab 01.01.2014 sind auch die [&hellip;]<\/p>\n","protected":false},"author":1,"featured_media":0,"parent":0,"menu_order":3,"comment_status":"closed","ping_status":"closed","template":"","meta":{"footnotes":""},"class_list":["post-107","page","type-page","status-publish","hentry"],"_links":{"self":[{"href":"https:\/\/uhv-untere-oste.de\/index.php?rest_route=\/wp\/v2\/pages\/107","targetHints":{"allow":["GET"]}}],"collection":[{"href":"https:\/\/uhv-untere-oste.de\/index.php?rest_route=\/wp\/v2\/pages"}],"about":[{"href":"https:\/\/uhv-untere-oste.de\/index.php?rest_route=\/wp\/v2\/types\/page"}],"author":[{"embeddable":true,"href":"https:\/\/uhv-untere-oste.de\/index.php?rest_route=\/wp\/v2\/users\/1"}],"replies":[{"embeddable":true,"href":"https:\/\/uhv-untere-oste.de\/index.php?rest_route=%2Fwp%2Fv2%2Fcomments&post=107"}],"version-history":[{"count":24,"href":"https:\/\/uhv-untere-oste.de\/index.php?rest_route=\/wp\/v2\/pages\/107\/revisions"}],"predecessor-version":[{"id":959,"href":"https:\/\/uhv-untere-oste.de\/index.php?rest_route=\/wp\/v2\/pages\/107\/revisions\/959"}],"wp:attachment":[{"href":"https:\/\/uhv-untere-oste.de\/index.php?rest_route=%2Fwp%2Fv2%2Fmedia&parent=107"}],"curies":[{"name":"wp","href":"https:\/\/api.w.org\/{rel}","templated":true}]}}