{"id":111,"date":"2019-11-13T13:01:00","date_gmt":"2019-11-13T13:01:00","guid":{"rendered":"http:\/\/www.wbv-oste.de\/?page_id=111"},"modified":"2023-03-14T08:38:52","modified_gmt":"2023-03-14T08:38:52","slug":"der-verband","status":"publish","type":"page","link":"https:\/\/uhv-untere-oste.de\/?page_id=111","title":{"rendered":"Der Verband"},"content":{"rendered":"\n<h3 class=\"wp-block-heading\">Der Verband<\/h3>\n\n\n\n<div style=\"height:25px\" aria-hidden=\"true\" class=\"wp-block-spacer\"><\/div>\n\n\n\n<p>Der Unterhaltungsverband Unterer Oste setzt sich zusammen aus dem Gesch\u00e4ftsf\u00fchrer, dem Vorstand und dem Ausschuss. Der Vorstand besteht aus dem Verbandsvorsteher und 6 weiteren Vorstandsmitgliedern, der alle 5 Jahre vom Ausschuss gew\u00e4hlt wird.  Der Verbandsvorsteher f\u00fchrt den Vorsitz im Vorstand. Ihm obliegen alle Gesch\u00e4fte im Rahmen der Beschl\u00fcsse des Ausschusses \u00fcber die Grunds\u00e4tze der Gesch\u00e4ftspolitik. N\u00e4heres regelt eine Gesch\u00e4ftsordnung, die vom Ausschuss beschlossen wird. Die Aufgaben des Vorstehers und des Vorstandes sind in der Satzung in \u00a7 17 festgelegt.<\/p>\n\n\n\n<div style=\"height:50px\" aria-hidden=\"true\" class=\"wp-block-spacer\"><\/div>\n\n\n\n<p><\/p>\n\n\n<div class=\"wp-block-image\">\n<figure class=\"aligncenter size-full\"><img loading=\"lazy\" decoding=\"async\" width=\"613\" height=\"868\" src=\"https:\/\/uhv-untere-oste.de\/wp-content\/uploads\/2023\/03\/verbandskarte.jpg\" alt=\"\" class=\"wp-image-1163\" srcset=\"https:\/\/uhv-untere-oste.de\/wp-content\/uploads\/2023\/03\/verbandskarte.jpg 613w, https:\/\/uhv-untere-oste.de\/wp-content\/uploads\/2023\/03\/verbandskarte-212x300.jpg 212w\" sizes=\"auto, (max-width: 613px) 100vw, 613px\" \/><\/figure>\n<\/div>","protected":false},"excerpt":{"rendered":"<p>Der Verband Der Unterhaltungsverband Unterer Oste setzt sich zusammen aus dem Gesch\u00e4ftsf\u00fchrer, dem Vorstand und dem Ausschuss. Der Vorstand besteht aus dem Verbandsvorsteher und 6 weiteren Vorstandsmitgliedern, der alle 5 Jahre vom Ausschuss gew\u00e4hlt wird. Der Verbandsvorsteher f\u00fchrt den Vorsitz im Vorstand. Ihm obliegen alle Gesch\u00e4fte im Rahmen der Beschl\u00fcsse des Ausschusses \u00fcber die Grunds\u00e4tze [&hellip;]<\/p>\n","protected":false},"author":1,"featured_media":0,"parent":0,"menu_order":1,"comment_status":"closed","ping_status":"closed","template":"template-onecolumn.php","meta":{"footnotes":""},"class_list":["post-111","page","type-page","status-publish","hentry"],"_links":{"self":[{"href":"https:\/\/uhv-untere-oste.de\/index.php?rest_route=\/wp\/v2\/pages\/111","targetHints":{"allow":["GET"]}}],"collection":[{"href":"https:\/\/uhv-untere-oste.de\/index.php?rest_route=\/wp\/v2\/pages"}],"about":[{"href":"https:\/\/uhv-untere-oste.de\/index.php?rest_route=\/wp\/v2\/types\/page"}],"author":[{"embeddable":true,"href":"https:\/\/uhv-untere-oste.de\/index.php?rest_route=\/wp\/v2\/users\/1"}],"replies":[{"embeddable":true,"href":"https:\/\/uhv-untere-oste.de\/index.php?rest_route=%2Fwp%2Fv2%2Fcomments&post=111"}],"version-history":[{"count":7,"href":"https:\/\/uhv-untere-oste.de\/index.php?rest_route=\/wp\/v2\/pages\/111\/revisions"}],"predecessor-version":[{"id":1164,"href":"https:\/\/uhv-untere-oste.de\/index.php?rest_route=\/wp\/v2\/pages\/111\/revisions\/1164"}],"wp:attachment":[{"href":"https:\/\/uhv-untere-oste.de\/index.php?rest_route=%2Fwp%2Fv2%2Fmedia&parent=111"}],"curies":[{"name":"wp","href":"https:\/\/api.w.org\/{rel}","templated":true}]}}