{"id":1281,"date":"2023-05-25T08:25:03","date_gmt":"2023-05-25T08:25:03","guid":{"rendered":"https:\/\/uhv-untere-oste.de\/?page_id=1281"},"modified":"2026-02-23T10:44:03","modified_gmt":"2026-02-23T10:44:03","slug":"informationen-zum-beitragsbescheid-2023","status":"publish","type":"page","link":"https:\/\/uhv-untere-oste.de\/?page_id=1281","title":{"rendered":"Informationen zum Beitragsbescheid 2026"},"content":{"rendered":"\n<h2 class=\"wp-block-heading\">Informationen zum Beitragsbescheid 2026<\/h2>\n\n\n\n<div style=\"height:50px\" aria-hidden=\"true\" class=\"wp-block-spacer\"><\/div>\n\n\n\n<p>Sehr geehrte Damen und Herren,<br><\/p>\n\n\n\n<p>als Mitglied des Unterhaltungsverbandes Untere Oste erhalten Sie den <strong>Beitragsbescheid f\u00fcr das Jahr 202<\/strong>6.<br>Auf der Ausschusssitzung des Unterhaltungsverbandes am 18.12.2025 wurde der Haushalt 2026 beschlossen. Die Beitragss\u00e4tze wurden, wie im Vorjahr, f\u00fcr land- u. forstwirtschaftliche Fl\u00e4chen auf 44,00\u00a0\u20ac\/ha und f\u00fcr nichtlandwirtschaftliche Fl\u00e4chen auf 45,50\u00a0\u20ac\/ha festgesetzt. Bestehen bleibt auch der Mindestbeitrag in H\u00f6he von 25,00\u00a0\u20ac. F\u00fcr versiegelte Fl\u00e4chen sind je nach Grundst\u00fcckskennung im Liegenschaftskataster zus\u00e4tzlich Erschwernisbeitr\u00e4ge in H\u00f6he des 1-fachen, 2,5-fachen oder 4-fachen des Hektarsatzes zu zahlen.<\/p>\n\n\n\n<p>Zus\u00e4tzlich wurden f\u00fcr die Unterhaltung der Gew\u00e4sser 3. Ordnung die Beitragss\u00e4tze in der Beitragsabteilung Hemm auf 2,50\u00a0\u20ac\/ha und in der Beitragsabteilung Wisch auf 9,00\u00a0\u20ac\/ha festgesetzt. In der Beitragsabteilung Warstade wird aufgrund vorhandener R\u00fccklagen dieses Jahr kein Beitrag f\u00fcr die Unterhaltung der Gew\u00e4sser 3. Ordnung erhoben.<\/p>\n\n\n\n<p>Gr\u00f6\u00dfter Ausgabeposten bleibt weiterhin der Stromverbrauch der Sch\u00f6pfwerke. 2025 wurden hierf\u00fcr ca. 1,65 Mio. Euro aufgewendet. Ab Anfang 2026 wurde ein Vertrag mit einem neuen Stromlieferanten mit etwas g\u00fcnstigeren Konditionen abgeschlossen. Eine deutliche Reduzierung der Kosten ist jedoch nur bei geringeren Niederschl\u00e4gen sp\u00fcrbar.<\/p>\n\n\n\n<p>Trotz der gestiegenen Kosten wurde auch weiterhin in die Leistungsf\u00e4higkeit der Anlagen investiert. Im vergangenen Jahr wurde im <em>Sch\u00f6pfwerk<\/em><em> <\/em><em>Altendorfer Dorffleth<\/em><em> <\/em>die schadhafte Pumpe aus dem Jahr 1972 durch<em> <\/em>eine neue Pumpe ersetzt. Weiterhin wurden bei den Sch\u00f6pfwerken <em>Cranenweider Polderlaufgraben<\/em>, <em>Gro\u00dfenw\u00f6rdener Seekanal Polder 9, Polder 1 Burweg und Polder 2 Blumenthal<\/em> bauliche Ma\u00dfnahmen zur Verbesserung der Betriebssicherheit und Leistungsf\u00e4higkeit durchgef\u00fchrt. Ein unerwarteter Schaden an der Sielleitung <em>SW Hechthausener Fleth<\/em> wurde behoben. Ca. 250.000 \u20ac wurden in die Erhaltung und Modernisierung der Anlagen investiert.<\/p>\n\n\n\n<p>In der Sitzung des Verbandsausschusses am 18.12.2025 wurden die Vorstandsmitglieder und der Vorsitzende des Unterhaltungs\u00adverbandes neu gew\u00e4hlt. Andreas Brandt l\u00f6st Johann-Martin Hildebrandt nach 16 Jahren als Verbandsvorsteher ab. Als Anerkennung f\u00fcr die geleitstete Arbeit wurde Johann-Martin Hildebrandt zum Ehrenverbandsvorsteher gew\u00e4hlt. Die Besetzung des Vorstandes und des Ausschusses sowie weitere umfassende Informationen sind unter <a href=\"http:\/\/www.uhv-untere-oste.de\">www.uhv-untere-oste.de<\/a> nachzulesen.<\/p>\n\n\n\n<p><strong>Datenschutz\u00a0<\/strong><\/p>\n\n\n\n<p>Der UHV bedient sich f\u00fcr die Beitragshebung der elektronischen Datenverarbeitung. S\u00e4mtliche mit der Hebung im Zusammenhang stehenden Daten werden unter Beachtung der Datenschutzbestimmungen gespeichert und verarbeitet.<\/p>\n\n\n\n<p><strong>Hinweise zur Rechtsbehelfsbelehrung<\/strong><\/p>\n\n\n\n<p>Gegen die Bescheide kann entsprechend dem Nieders\u00e4chsischen Justizgesetz nur direkt Klage beim Verwaltungsgericht erhoben werden. Sollten Sie eine Klage in Erw\u00e4gung ziehen, empfehlen wir Ihnen jedoch, vorab zur Kl\u00e4rung des Sachverhaltes mit uns das Gespr\u00e4ch zu suchen.<\/p>\n\n\n\n<p><strong>Auskunft<\/strong><\/p>\n\n\n\n<p>Falls Sie noch irgendwelche Fragen zur Beitragsveranlagung gekl\u00e4rt haben m\u00f6chten, k\u00f6nnen Sie sich gerne mit der Gesch\u00e4fts-stelle, Oestinger Weg 40, 21745 Hemmoor, Telefon 04771 \/ 6508-12 in Verbindung setzen.<\/p>\n\n\n\n<p>(\u00d6ffnungszeiten: Montag &#8211; Freitag 07.30 \u2013 12.00 Uhr oder nach Vereinbarung)<\/p>\n\n\n\n<p>Mit freundlichen Gr\u00fc\u00dfen<\/p>\n\n\n\n<p><em>Andreas Brandt (Verbandsvorsteher)\u00a0\u00a0\u00a0\u00a0\u00a0\u00a0\u00a0\u00a0\u00a0\u00a0\u00a0\u00a0\u00a0\u00a0\u00a0\u00a0\u00a0\u00a0 \u00a0\u00a0\u00a0\u00a0\u00a0\u00a0\u00a0\u00a0\u00a0\u00a0\u00a0\u00a0\u00a0\u00a0\u00a0\u00a0\u00a0\u00a0\u00a0\u00a0\u00a0\u00a0\u00a0\u00a0\u00a0\u00a0\u00a0\u00a0\u00a0 Thorsten Ratzke<\/em> (Gesch\u00e4ftsf\u00fchrer)<\/p>\n\n\n\n<p>\u00a0\u00a0\u00a0\u00a0\u00a0\u00a0\u00a0\u00a0\u00a0\u00a0\u00a0\u00a0\u00a0\u00a0\u00a0\u00a0\u00a0\u00a0\u00a0\u00a0\u00a0\u00a0\u00a0\u00a0\u00a0\u00a0\u00a0\u00a0\u00a0\u00a0\u00a0\u00a0\u00a0\u00a0\u00a0\u00a0\u00a0\u00a0\u00a0\u00a0\u00a0\u00a0\u00a0\u00a0\u00a0\u00a0\u00a0\u00a0\u00a0\u00a0\u00a0\u00a0\u00a0\u00a0\u00a0\u00a0\u00a0\u00a0\u00a0\u00a0\u00a0\u00a0\u00a0\u00a0\u00a0\u00a0\u00a0\u00a0\u00a0\u00a0\u00a0\u00a0\u00a0\u00a0\u00a0\u00a0\u00a0\u00a0\u00a0\u00a0<\/p>\n\n\n\n<p><\/p>\n","protected":false},"excerpt":{"rendered":"<p>Informationen zum Beitragsbescheid 2026 Sehr geehrte Damen und Herren, als Mitglied des Unterhaltungsverbandes Untere Oste erhalten Sie den Beitragsbescheid f\u00fcr das Jahr 2026.Auf der Ausschusssitzung des Unterhaltungsverbandes am 18.12.2025 wurde der Haushalt 2026 beschlossen. Die Beitragss\u00e4tze wurden, wie im Vorjahr, f\u00fcr land- u. forstwirtschaftliche Fl\u00e4chen auf 44,00\u00a0\u20ac\/ha und f\u00fcr nichtlandwirtschaftliche Fl\u00e4chen auf 45,50\u00a0\u20ac\/ha festgesetzt. Bestehen [&hellip;]<\/p>\n","protected":false},"author":1,"featured_media":0,"parent":0,"menu_order":0,"comment_status":"closed","ping_status":"closed","template":"","meta":{"footnotes":""},"class_list":["post-1281","page","type-page","status-publish","hentry"],"_links":{"self":[{"href":"https:\/\/uhv-untere-oste.de\/index.php?rest_route=\/wp\/v2\/pages\/1281","targetHints":{"allow":["GET"]}}],"collection":[{"href":"https:\/\/uhv-untere-oste.de\/index.php?rest_route=\/wp\/v2\/pages"}],"about":[{"href":"https:\/\/uhv-untere-oste.de\/index.php?rest_route=\/wp\/v2\/types\/page"}],"author":[{"embeddable":true,"href":"https:\/\/uhv-untere-oste.de\/index.php?rest_route=\/wp\/v2\/users\/1"}],"replies":[{"embeddable":true,"href":"https:\/\/uhv-untere-oste.de\/index.php?rest_route=%2Fwp%2Fv2%2Fcomments&post=1281"}],"version-history":[{"count":7,"href":"https:\/\/uhv-untere-oste.de\/index.php?rest_route=\/wp\/v2\/pages\/1281\/revisions"}],"predecessor-version":[{"id":1415,"href":"https:\/\/uhv-untere-oste.de\/index.php?rest_route=\/wp\/v2\/pages\/1281\/revisions\/1415"}],"wp:attachment":[{"href":"https:\/\/uhv-untere-oste.de\/index.php?rest_route=%2Fwp%2Fv2%2Fmedia&parent=1281"}],"curies":[{"name":"wp","href":"https:\/\/api.w.org\/{rel}","templated":true}]}}