{"id":1294,"date":"2023-08-29T08:24:54","date_gmt":"2023-08-29T08:24:54","guid":{"rendered":"https:\/\/uhv-untere-oste.de\/?page_id=1294"},"modified":"2023-08-29T08:31:16","modified_gmt":"2023-08-29T08:31:16","slug":"vergabebekanntmachungen","status":"publish","type":"page","link":"https:\/\/uhv-untere-oste.de\/?page_id=1294","title":{"rendered":"Vergabebekanntmachungen"},"content":{"rendered":"\n<h2 class=\"wp-block-heading has-text-color\" style=\"color:#1f4966\"><strong>Vergabebekanntmachungen<\/strong><\/h2>\n\n\n\n<div style=\"height:46px\" aria-hidden=\"true\" class=\"wp-block-spacer\"><\/div>\n\n\n\n<p class=\"has-text-color\" style=\"color:#1f4966\">Gem\u00e4\u00df \u00a7 30 UVgO gibt der Unterhaltungsverband Untere Oste folgende Vergabebekanntmachungen bekannt: <\/p>\n\n\n\n<p><\/p>\n\n\n\n<p>Informationspflicht nach \u00a7 20 Abs. 3 VOB\/A \u00fcber die Erteilung eines Auftrages nach<br>erfolgter Beschr\u00e4nkter Ausschreibung ab einem Auftragswert von \u00fcber 25.000,00 \u20ac<br>ohne Umsatzsteuer bzw. nach Freih\u00e4ndiger Vergabe ab einen Auftragswert von<br>15.000,00 \u20ac ohne Umsatzsteuer<\/p>\n\n\n\n<div id=\"footable_parent_1299\"\n         class=\" footable_parent ninja_table_wrapper loading_ninja_table wp_table_data_press_parent semantic_ui \">\n                <table data-ninja_table_instance=\"ninja_table_instance_0\" data-footable_id=\"1299\" data-filter-delay=\"1000\" aria-label=\"Vergabebekanntmachung\"            id=\"footable_1299\"\n           data-unique_identifier=\"ninja_table_unique_id_527739500_1299\"\n           class=\" foo-table ninja_footable foo_table_1299 ninja_table_unique_id_527739500_1299 ui table  nt_type_ajax_table  footable-paging-right ninja_table_search_disabled\">\n                <colgroup>\n                            <col class=\"ninja_column_0 \">\n                            <col class=\"ninja_column_1 \">\n                    <\/colgroup>\n            <\/table>\n    \n    \n    \n<\/div>\n\n","protected":false},"excerpt":{"rendered":"<p>Vergabebekanntmachungen Gem\u00e4\u00df \u00a7 30 UVgO gibt der Unterhaltungsverband Untere Oste folgende Vergabebekanntmachungen bekannt: Informationspflicht nach \u00a7 20 Abs. 3 VOB\/A \u00fcber die Erteilung eines Auftrages nacherfolgter Beschr\u00e4nkter Ausschreibung ab einem Auftragswert von \u00fcber 25.000,00 \u20acohne Umsatzsteuer bzw. nach Freih\u00e4ndiger Vergabe ab einen Auftragswert von15.000,00 \u20ac ohne Umsatzsteuer<\/p>\n","protected":false},"author":1,"featured_media":0,"parent":0,"menu_order":0,"comment_status":"closed","ping_status":"closed","template":"","meta":{"footnotes":""},"class_list":["post-1294","page","type-page","status-publish","hentry"],"_links":{"self":[{"href":"https:\/\/uhv-untere-oste.de\/index.php?rest_route=\/wp\/v2\/pages\/1294","targetHints":{"allow":["GET"]}}],"collection":[{"href":"https:\/\/uhv-untere-oste.de\/index.php?rest_route=\/wp\/v2\/pages"}],"about":[{"href":"https:\/\/uhv-untere-oste.de\/index.php?rest_route=\/wp\/v2\/types\/page"}],"author":[{"embeddable":true,"href":"https:\/\/uhv-untere-oste.de\/index.php?rest_route=\/wp\/v2\/users\/1"}],"replies":[{"embeddable":true,"href":"https:\/\/uhv-untere-oste.de\/index.php?rest_route=%2Fwp%2Fv2%2Fcomments&post=1294"}],"version-history":[{"count":6,"href":"https:\/\/uhv-untere-oste.de\/index.php?rest_route=\/wp\/v2\/pages\/1294\/revisions"}],"predecessor-version":[{"id":1310,"href":"https:\/\/uhv-untere-oste.de\/index.php?rest_route=\/wp\/v2\/pages\/1294\/revisions\/1310"}],"wp:attachment":[{"href":"https:\/\/uhv-untere-oste.de\/index.php?rest_route=%2Fwp%2Fv2%2Fmedia&parent=1294"}],"curies":[{"name":"wp","href":"https:\/\/api.w.org\/{rel}","templated":true}]}}