{"id":1419,"date":"2026-02-23T10:48:16","date_gmt":"2026-02-23T10:48:16","guid":{"rendered":"https:\/\/uhv-untere-oste.de\/?page_id=1419"},"modified":"2026-02-23T10:49:29","modified_gmt":"2026-02-23T10:49:29","slug":"downloads","status":"publish","type":"page","link":"https:\/\/uhv-untere-oste.de\/?page_id=1419","title":{"rendered":"Downloads"},"content":{"rendered":"\n<p>Hier finden Sie die wichtigsten Formulare zum Beitrag als Download:<\/p>\n\n\n\n<ul class=\"wp-block-list\">\n<li><strong><a href=\"https:\/\/uhv-untere-oste.de\/wp-content\/uploads\/2026\/02\/Anlage_Bescheid_UHV_2026.pdf\">Anlage zum Bescheid<\/a><\/strong><\/li>\n\n\n\n<li><strong><a href=\"https:\/\/uhv-untere-oste.de\/wp-content\/uploads\/2026\/02\/Abbuchungsformular-UHV-2026.pdf\">Einzugserm\u00e4chtigung<\/a><\/strong><\/li>\n\n\n\n<li><strong><a href=\"https:\/\/uhv-untere-oste.de\/wp-content\/uploads\/2026\/02\/Mailversand-UHV-Bescheide.pdf\">Versand per E-Mail<\/a><\/strong><\/li>\n<\/ul>\n\n\n\n<p>Die Dokumente stehen Ihnen als praktische Erg\u00e4nzung zur Verf\u00fcgung und k\u00f6nnen direkt heruntergeladen  werden.<\/p>\n\n\n\n<p><\/p>\n","protected":false},"excerpt":{"rendered":"<p>Hier finden Sie die wichtigsten Formulare zum Beitrag als Download: Die Dokumente stehen Ihnen als praktische Erg\u00e4nzung zur Verf\u00fcgung und k\u00f6nnen direkt heruntergeladen werden.<\/p>\n","protected":false},"author":1,"featured_media":0,"parent":0,"menu_order":0,"comment_status":"closed","ping_status":"closed","template":"","meta":{"footnotes":""},"class_list":["post-1419","page","type-page","status-publish","hentry"],"_links":{"self":[{"href":"https:\/\/uhv-untere-oste.de\/index.php?rest_route=\/wp\/v2\/pages\/1419","targetHints":{"allow":["GET"]}}],"collection":[{"href":"https:\/\/uhv-untere-oste.de\/index.php?rest_route=\/wp\/v2\/pages"}],"about":[{"href":"https:\/\/uhv-untere-oste.de\/index.php?rest_route=\/wp\/v2\/types\/page"}],"author":[{"embeddable":true,"href":"https:\/\/uhv-untere-oste.de\/index.php?rest_route=\/wp\/v2\/users\/1"}],"replies":[{"embeddable":true,"href":"https:\/\/uhv-untere-oste.de\/index.php?rest_route=%2Fwp%2Fv2%2Fcomments&post=1419"}],"version-history":[{"count":4,"href":"https:\/\/uhv-untere-oste.de\/index.php?rest_route=\/wp\/v2\/pages\/1419\/revisions"}],"predecessor-version":[{"id":1423,"href":"https:\/\/uhv-untere-oste.de\/index.php?rest_route=\/wp\/v2\/pages\/1419\/revisions\/1423"}],"wp:attachment":[{"href":"https:\/\/uhv-untere-oste.de\/index.php?rest_route=%2Fwp%2Fv2%2Fmedia&parent=1419"}],"curies":[{"name":"wp","href":"https:\/\/api.w.org\/{rel}","templated":true}]}}