{"id":187,"date":"2019-11-16T11:56:51","date_gmt":"2019-11-16T11:56:51","guid":{"rendered":"http:\/\/wbv-oste.de\/?page_id=187"},"modified":"2025-08-26T06:47:22","modified_gmt":"2025-08-26T06:47:22","slug":"home","status":"publish","type":"page","link":"https:\/\/uhv-untere-oste.de\/","title":{"rendered":"Moin, moin und herzlich Willkommen!"},"content":{"rendered":"\n<h4 class=\"wp-block-heading has-text-color\" style=\"color:#1f4966\">Moin, moin und herzlich Willkommen<\/h4>\n\n\n\n<div style=\"height:50px\" aria-hidden=\"true\" class=\"wp-block-spacer\"><\/div>\n\n\n<div class=\"wp-block-image is-style-rounded\">\n<figure class=\"alignright size-large is-resized\"><img loading=\"lazy\" decoding=\"async\" width=\"1024\" height=\"768\" src=\"https:\/\/uhv-untere-oste.de\/wp-content\/uploads\/2023\/03\/image00095-1024x768.jpg\" alt=\"\" class=\"wp-image-1065\" style=\"width:362px;height:270px\" srcset=\"https:\/\/uhv-untere-oste.de\/wp-content\/uploads\/2023\/03\/image00095-1024x768.jpg 1024w, https:\/\/uhv-untere-oste.de\/wp-content\/uploads\/2023\/03\/image00095-300x225.jpg 300w, https:\/\/uhv-untere-oste.de\/wp-content\/uploads\/2023\/03\/image00095-768x576.jpg 768w, https:\/\/uhv-untere-oste.de\/wp-content\/uploads\/2023\/03\/image00095-1536x1152.jpg 1536w, https:\/\/uhv-untere-oste.de\/wp-content\/uploads\/2023\/03\/image00095-2048x1536.jpg 2048w\" sizes=\"auto, (max-width: 1024px) 100vw, 1024px\" \/><\/figure>\n<\/div>\n\n\n<p class=\"has-text-color\" style=\"color:#1f4966\">Sie m\u00f6chten mehr \u00fcber den Unterhaltungsverband Untere Oste erfahren? Dann sind Sie hier genau richtig! <br>\u00dcbersichtlich und verst\u00e4ndlich haben wir alle wichtigen Information f\u00fcr Sie zusammengefasst.&nbsp;<\/p>\n\n\n\n<p class=\"has-text-color\" style=\"color:#1f4966\"><\/p>\n\n\n\n<p class=\"has-text-color\" style=\"color:#1f4966\"><\/p>\n\n\n\n<p class=\"has-text-color\" style=\"color:#1f4966\">Die Hauptaufgabe ist die Unterhaltung der Gew\u00e4sser 2. Ordnung und deren Anlagen, damit das anfallenden Wasser schadlos in die Oste abgeleitet werden kann.  Verschiedene Arten von Sch\u00f6pfwerken, wobei die Hauptsch\u00f6pfwerke bis zu&nbsp;100.000 Liter in der Sekunde pumpen, sorgen daf\u00fcr, dass \u00dcberschwemmungen verhindert werden.<br><br>Unsere Mitarbeiter des Bauhofes setzen sich t\u00e4glich aufs Neue daf\u00fcr ein, dass diese Sch\u00f6pfwerke laufen und sich&nbsp;in einem tadellosen Zustand befinden. Ebenso ist es unumg\u00e4nglich die Gew\u00e4sser 2. Ordnung von Unkraut und Unrat zu befreien. <\/p>\n\n\n<div class=\"wp-block-image is-style-rounded\">\n<figure class=\"alignleft size-large is-resized\"><img loading=\"lazy\" decoding=\"async\" width=\"1024\" height=\"768\" src=\"https:\/\/uhv-untere-oste.de\/wp-content\/uploads\/2023\/03\/IMG_4108-1024x768.jpg\" alt=\"\" class=\"wp-image-1119\" style=\"width:869px;height:653px\" srcset=\"https:\/\/uhv-untere-oste.de\/wp-content\/uploads\/2023\/03\/IMG_4108-1024x768.jpg 1024w, https:\/\/uhv-untere-oste.de\/wp-content\/uploads\/2023\/03\/IMG_4108-300x225.jpg 300w, https:\/\/uhv-untere-oste.de\/wp-content\/uploads\/2023\/03\/IMG_4108-768x576.jpg 768w, https:\/\/uhv-untere-oste.de\/wp-content\/uploads\/2023\/03\/IMG_4108-1536x1152.jpg 1536w, https:\/\/uhv-untere-oste.de\/wp-content\/uploads\/2023\/03\/IMG_4108.jpg 2016w\" sizes=\"auto, (max-width: 1024px) 100vw, 1024px\" \/><\/figure>\n<\/div>\n\n\n<div style=\"height:40px\" aria-hidden=\"true\" class=\"wp-block-spacer\"><\/div>\n\n\n\n<p class=\"has-text-color\" style=\"color:#1f4966\">W\u00e4hrend die Unterhaltungspflicht f\u00fcr die Gew\u00e4sser erster und dritter Ordnung bei den jeweiligen Eigent\u00fcmern der Gew\u00e4sser liegt, m\u00fcssen die Gew\u00e4sser zweiter Ordnung grunds\u00e4tzlich von den in Niedersachsen fl\u00e4chendeckend gebildeten 107 Unterhaltungsverb\u00e4nden (\u00a7 63 NWG) unterhalten werden.<\/p>\n\n\n\n<p class=\"has-text-color\" style=\"color:#1f4966\">Denn die&nbsp;Gew\u00e4sser sind&nbsp;existenziell um den Ablauf gew\u00e4hrleisten zu k\u00f6nnen. Gerade in den Sommermonaten f\u00e4llt daher jede Menge Arbeit f\u00fcr unsere M\u00e4hkolonnen an.&nbsp;&nbsp;<\/p>\n\n\n\n<p>&nbsp;<\/p>\n\n\n\n<h1 class=\"wp-block-heading has-text-align-center has-text-color has-background has-large-font-size\" style=\"color:#1f4966;background-color:#ffffff4f;font-style:normal;font-weight:400;text-transform:uppercase\">Neugierig geworden? <br>Dann klicken Sie sich durch! <br><\/h1>\n\n\n\n<p><\/p>\n\n\n\n<p class=\"has-text-align-center has-small-font-size\" style=\"font-style:normal;font-weight:700\"><\/p>\n\n\n\n<h2 class=\"wp-block-heading\"><\/h2>\n","protected":false},"excerpt":{"rendered":"<p>Moin, moin und herzlich Willkommen Sie m\u00f6chten mehr \u00fcber den Unterhaltungsverband Untere Oste erfahren? Dann sind Sie hier genau richtig! \u00dcbersichtlich und verst\u00e4ndlich haben wir alle wichtigen Information f\u00fcr Sie zusammengefasst.&nbsp; Die Hauptaufgabe ist die Unterhaltung der Gew\u00e4sser 2. Ordnung und deren Anlagen, damit das anfallenden Wasser schadlos in die Oste abgeleitet werden kann. Verschiedene [&hellip;]<\/p>\n","protected":false},"author":1,"featured_media":0,"parent":0,"menu_order":0,"comment_status":"closed","ping_status":"closed","template":"","meta":{"footnotes":""},"class_list":["post-187","page","type-page","status-publish","hentry"],"_links":{"self":[{"href":"https:\/\/uhv-untere-oste.de\/index.php?rest_route=\/wp\/v2\/pages\/187","targetHints":{"allow":["GET"]}}],"collection":[{"href":"https:\/\/uhv-untere-oste.de\/index.php?rest_route=\/wp\/v2\/pages"}],"about":[{"href":"https:\/\/uhv-untere-oste.de\/index.php?rest_route=\/wp\/v2\/types\/page"}],"author":[{"embeddable":true,"href":"https:\/\/uhv-untere-oste.de\/index.php?rest_route=\/wp\/v2\/users\/1"}],"replies":[{"embeddable":true,"href":"https:\/\/uhv-untere-oste.de\/index.php?rest_route=%2Fwp%2Fv2%2Fcomments&post=187"}],"version-history":[{"count":80,"href":"https:\/\/uhv-untere-oste.de\/index.php?rest_route=\/wp\/v2\/pages\/187\/revisions"}],"predecessor-version":[{"id":1318,"href":"https:\/\/uhv-untere-oste.de\/index.php?rest_route=\/wp\/v2\/pages\/187\/revisions\/1318"}],"wp:attachment":[{"href":"https:\/\/uhv-untere-oste.de\/index.php?rest_route=%2Fwp%2Fv2%2Fmedia&parent=187"}],"curies":[{"name":"wp","href":"https:\/\/api.w.org\/{rel}","templated":true}]}}