{"id":267,"date":"2019-11-18T07:40:08","date_gmt":"2019-11-18T07:40:08","guid":{"rendered":"http:\/\/wbv-oste.de\/?page_id=267"},"modified":"2020-01-31T07:53:08","modified_gmt":"2020-01-31T07:53:08","slug":"mitglieder","status":"publish","type":"page","link":"https:\/\/uhv-untere-oste.de\/?page_id=267","title":{"rendered":"Mitglieder"},"content":{"rendered":"\n<h2 class=\"wp-block-heading\">Mitglieder und <br>Wasser- und Bodenverb\u00e4nde<\/h2>\n\n\n\n<div style=\"height:50px\" aria-hidden=\"true\" class=\"wp-block-spacer\"><\/div>\n\n\n\n<p>Mitglieder des Unterhaltungsverbandes Untere Oste sind die jeweiligen Eigent\u00fcmer der im Verbandsgebiet liegenden Grundst\u00fccke. Zudem sind 32 im Verbandsgebiet liegende Wasser- und Bodenverb\u00e4nde, die f\u00fcr die Unterhaltung der Gew\u00e4sser III. Ordnung zust\u00e4ndig sind und die Stadt Bremerv\u00f6rde Mitglied des Verbandes.<\/p>\n\n\n\n<p>Derzeit f\u00fchrt der Unterhaltungsverband Untere Oste f\u00fcr 13 Verb\u00e4nde die Kassenf\u00fchrung und f\u00fcr 18 Verb\u00e4nde die Beitragshebung durch. <\/p>\n\n\n\n<div style=\"height:25px\" aria-hidden=\"true\" class=\"wp-block-spacer\"><\/div>\n\n\n\n<div id=\"footable_parent_655\"\n         class=\" footable_parent ninja_table_wrapper loading_ninja_table wp_table_data_press_parent semantic_ui \">\n                <table data-ninja_table_instance=\"ninja_table_instance_0\" data-footable_id=\"655\" data-filter-delay=\"1000\" aria-label=\"Wasser- und Bodenverb\u00e4nde\"            id=\"footable_655\"\n           data-unique_identifier=\"ninja_table_unique_id_2404436994_655\"\n           class=\" foo-table ninja_footable foo_table_655 ninja_table_unique_id_2404436994_655 ui table  nt_type_ajax_table selectable striped vertical_centered  footable-paging-right ninja_table_search_disabled\">\n                <colgroup>\n                            <col class=\"ninja_column_0 \">\n                            <col class=\"ninja_column_1 \">\n                    <\/colgroup>\n            <\/table>\n    \n    \n    \n<\/div>\n\n","protected":false},"excerpt":{"rendered":"<p>Mitglieder und Wasser- und Bodenverb\u00e4nde Mitglieder des Unterhaltungsverbandes Untere Oste sind die jeweiligen Eigent\u00fcmer der im Verbandsgebiet liegenden Grundst\u00fccke. Zudem sind 32 im Verbandsgebiet liegende Wasser- und Bodenverb\u00e4nde, die f\u00fcr die Unterhaltung der Gew\u00e4sser III. Ordnung zust\u00e4ndig sind und die Stadt Bremerv\u00f6rde Mitglied des Verbandes. Derzeit f\u00fchrt der Unterhaltungsverband Untere Oste f\u00fcr 13 Verb\u00e4nde die [&hellip;]<\/p>\n","protected":false},"author":1,"featured_media":0,"parent":111,"menu_order":4,"comment_status":"closed","ping_status":"closed","template":"template-onecolumn.php","meta":{"footnotes":""},"class_list":["post-267","page","type-page","status-publish","hentry"],"_links":{"self":[{"href":"https:\/\/uhv-untere-oste.de\/index.php?rest_route=\/wp\/v2\/pages\/267","targetHints":{"allow":["GET"]}}],"collection":[{"href":"https:\/\/uhv-untere-oste.de\/index.php?rest_route=\/wp\/v2\/pages"}],"about":[{"href":"https:\/\/uhv-untere-oste.de\/index.php?rest_route=\/wp\/v2\/types\/page"}],"author":[{"embeddable":true,"href":"https:\/\/uhv-untere-oste.de\/index.php?rest_route=\/wp\/v2\/users\/1"}],"replies":[{"embeddable":true,"href":"https:\/\/uhv-untere-oste.de\/index.php?rest_route=%2Fwp%2Fv2%2Fcomments&post=267"}],"version-history":[{"count":6,"href":"https:\/\/uhv-untere-oste.de\/index.php?rest_route=\/wp\/v2\/pages\/267\/revisions"}],"predecessor-version":[{"id":948,"href":"https:\/\/uhv-untere-oste.de\/index.php?rest_route=\/wp\/v2\/pages\/267\/revisions\/948"}],"up":[{"embeddable":true,"href":"https:\/\/uhv-untere-oste.de\/index.php?rest_route=\/wp\/v2\/pages\/111"}],"wp:attachment":[{"href":"https:\/\/uhv-untere-oste.de\/index.php?rest_route=%2Fwp%2Fv2%2Fmedia&parent=267"}],"curies":[{"name":"wp","href":"https:\/\/api.w.org\/{rel}","templated":true}]}}