{"id":269,"date":"2019-11-18T07:40:42","date_gmt":"2019-11-18T07:40:42","guid":{"rendered":"http:\/\/wbv-oste.de\/?page_id=269"},"modified":"2023-03-07T10:53:24","modified_gmt":"2023-03-07T10:53:24","slug":"bauhof","status":"publish","type":"page","link":"https:\/\/uhv-untere-oste.de\/?page_id=269","title":{"rendered":"Bauhof"},"content":{"rendered":"\n<h2 class=\"wp-block-heading\">Unser Bauhof<\/h2>\n\n\n\n<div style=\"height:25px\" aria-hidden=\"true\" class=\"wp-block-spacer\"><\/div>\n\n\n\n<p>Zu unserem Team auf dem Bauhof geh\u00f6ren 14 Handwerker und Arbeiter, die w\u00e4hrend der M\u00e4hsaison in der 2. Jahresh\u00e4lfte von 3 Saisonkr\u00e4ften unterst\u00fctzt werden. <br><br>Aufgrund der vielen Fachbereiche die von unseren Bauhof-Mitarbeitern abgedeckt werden, ist es uns m\u00f6glich alle Arbeiten im Verbandsgebiet des Unterhaltungsverbandes Unterer Oste von unseren Mitarbeitern durchf\u00fchren zu lassen. <\/p>\n\n\n\n<h4 class=\"wp-block-heading\"><br><br>Unser Fuhrpark setzt sich aus folgenden Fahrzeugen zusammen: <\/h4>\n\n\n\n<div style=\"height:25px\" aria-hidden=\"true\" class=\"wp-block-spacer\"><\/div>\n\n\n\n<div id=\"footable_parent_734\"\n         class=\" footable_parent ninja_table_wrapper loading_ninja_table wp_table_data_press_parent bootstrap3 \">\n                <table data-ninja_table_instance=\"ninja_table_instance_0\" data-footable_id=\"734\" data-filter-delay=\"1000\" aria-label=\"Fuhrpark\"            id=\"footable_734\"\n           data-unique_identifier=\"ninja_table_unique_id_2544254963_734\"\n           class=\" foo-table ninja_footable foo_table_734 ninja_table_unique_id_2544254963_734 table  nt_type_ajax_table vertical_centered  footable-paging-right ninja_table_search_disabled\">\n                <colgroup>\n                            <col class=\"ninja_column_0 \">\n                            <col class=\"ninja_column_1 \">\n                    <\/colgroup>\n            <\/table>\n    \n    \n    \n<\/div>\n\n\n\n\n<p><br><\/p>\n\n\n\n<figure class=\"wp-block-image size-large\"><img loading=\"lazy\" decoding=\"async\" width=\"1024\" height=\"768\" src=\"https:\/\/uhv-untere-oste.de\/wp-content\/uploads\/2023\/03\/IMG_4798-1024x768.jpg\" alt=\"\" class=\"wp-image-1072\" srcset=\"https:\/\/uhv-untere-oste.de\/wp-content\/uploads\/2023\/03\/IMG_4798-1024x768.jpg 1024w, https:\/\/uhv-untere-oste.de\/wp-content\/uploads\/2023\/03\/IMG_4798-300x225.jpg 300w, https:\/\/uhv-untere-oste.de\/wp-content\/uploads\/2023\/03\/IMG_4798-768x576.jpg 768w, https:\/\/uhv-untere-oste.de\/wp-content\/uploads\/2023\/03\/IMG_4798-1536x1152.jpg 1536w, https:\/\/uhv-untere-oste.de\/wp-content\/uploads\/2023\/03\/IMG_4798.jpg 2016w\" sizes=\"auto, (max-width: 1024px) 100vw, 1024px\" \/><\/figure>\n\n\n\n<figure class=\"wp-block-image size-large\"><img loading=\"lazy\" decoding=\"async\" width=\"1024\" height=\"768\" src=\"https:\/\/uhv-untere-oste.de\/wp-content\/uploads\/2023\/03\/IMG_4111-1024x768.jpg\" alt=\"\" class=\"wp-image-1070\" srcset=\"https:\/\/uhv-untere-oste.de\/wp-content\/uploads\/2023\/03\/IMG_4111-1024x768.jpg 1024w, https:\/\/uhv-untere-oste.de\/wp-content\/uploads\/2023\/03\/IMG_4111-300x225.jpg 300w, https:\/\/uhv-untere-oste.de\/wp-content\/uploads\/2023\/03\/IMG_4111-768x576.jpg 768w, https:\/\/uhv-untere-oste.de\/wp-content\/uploads\/2023\/03\/IMG_4111-1536x1152.jpg 1536w, https:\/\/uhv-untere-oste.de\/wp-content\/uploads\/2023\/03\/IMG_4111.jpg 2016w\" sizes=\"auto, (max-width: 1024px) 100vw, 1024px\" \/><\/figure>\n\n\n\n<figure class=\"wp-block-image size-large\"><img loading=\"lazy\" decoding=\"async\" width=\"1024\" height=\"768\" src=\"https:\/\/uhv-untere-oste.de\/wp-content\/uploads\/2023\/03\/IMG_0315-1024x768.jpg\" alt=\"\" class=\"wp-image-1066\" srcset=\"https:\/\/uhv-untere-oste.de\/wp-content\/uploads\/2023\/03\/IMG_0315-1024x768.jpg 1024w, https:\/\/uhv-untere-oste.de\/wp-content\/uploads\/2023\/03\/IMG_0315-300x225.jpg 300w, https:\/\/uhv-untere-oste.de\/wp-content\/uploads\/2023\/03\/IMG_0315-768x576.jpg 768w, https:\/\/uhv-untere-oste.de\/wp-content\/uploads\/2023\/03\/IMG_0315-1536x1152.jpg 1536w, https:\/\/uhv-untere-oste.de\/wp-content\/uploads\/2023\/03\/IMG_0315-2048x1536.jpg 2048w\" sizes=\"auto, (max-width: 1024px) 100vw, 1024px\" \/><\/figure>\n\n\n\n<figure class=\"wp-block-image size-large\"><img loading=\"lazy\" decoding=\"async\" width=\"1024\" height=\"768\" src=\"https:\/\/uhv-untere-oste.de\/wp-content\/uploads\/2023\/03\/Neuer-Pick-up-1024x768.jpg\" alt=\"\" class=\"wp-image-1120\" srcset=\"https:\/\/uhv-untere-oste.de\/wp-content\/uploads\/2023\/03\/Neuer-Pick-up-1024x768.jpg 1024w, https:\/\/uhv-untere-oste.de\/wp-content\/uploads\/2023\/03\/Neuer-Pick-up-300x225.jpg 300w, https:\/\/uhv-untere-oste.de\/wp-content\/uploads\/2023\/03\/Neuer-Pick-up-768x576.jpg 768w, https:\/\/uhv-untere-oste.de\/wp-content\/uploads\/2023\/03\/Neuer-Pick-up-1536x1152.jpg 1536w, https:\/\/uhv-untere-oste.de\/wp-content\/uploads\/2023\/03\/Neuer-Pick-up-2048x1536.jpg 2048w\" sizes=\"auto, (max-width: 1024px) 100vw, 1024px\" \/><\/figure>\n\n\n\n<figure class=\"wp-block-image size-large\"><img loading=\"lazy\" decoding=\"async\" width=\"1024\" height=\"768\" src=\"https:\/\/uhv-untere-oste.de\/wp-content\/uploads\/2023\/03\/IMG_4128-1024x768.jpg\" alt=\"\" class=\"wp-image-1118\" srcset=\"https:\/\/uhv-untere-oste.de\/wp-content\/uploads\/2023\/03\/IMG_4128-1024x768.jpg 1024w, https:\/\/uhv-untere-oste.de\/wp-content\/uploads\/2023\/03\/IMG_4128-300x225.jpg 300w, https:\/\/uhv-untere-oste.de\/wp-content\/uploads\/2023\/03\/IMG_4128-768x576.jpg 768w, https:\/\/uhv-untere-oste.de\/wp-content\/uploads\/2023\/03\/IMG_4128-1536x1152.jpg 1536w, https:\/\/uhv-untere-oste.de\/wp-content\/uploads\/2023\/03\/IMG_4128.jpg 2016w\" sizes=\"auto, (max-width: 1024px) 100vw, 1024px\" \/><\/figure>\n\n\n\n<figure class=\"wp-block-video\"><video height=\"720\" style=\"aspect-ratio: 1280 \/ 720;\" width=\"1280\" controls src=\"https:\/\/uhv-untere-oste.de\/wp-content\/uploads\/2023\/03\/720p.mov\"><\/video><\/figure>\n","protected":false},"excerpt":{"rendered":"<p>Unser Bauhof Zu unserem Team auf dem Bauhof geh\u00f6ren 14 Handwerker und Arbeiter, die w\u00e4hrend der M\u00e4hsaison in der 2. Jahresh\u00e4lfte von 3 Saisonkr\u00e4ften unterst\u00fctzt werden. Aufgrund der vielen Fachbereiche die von unseren Bauhof-Mitarbeitern abgedeckt werden, ist es uns m\u00f6glich alle Arbeiten im Verbandsgebiet des Unterhaltungsverbandes Unterer Oste von unseren Mitarbeitern durchf\u00fchren zu lassen. Unser [&hellip;]<\/p>\n","protected":false},"author":1,"featured_media":0,"parent":111,"menu_order":5,"comment_status":"closed","ping_status":"closed","template":"template-onecolumn.php","meta":{"footnotes":""},"class_list":["post-269","page","type-page","status-publish","hentry"],"_links":{"self":[{"href":"https:\/\/uhv-untere-oste.de\/index.php?rest_route=\/wp\/v2\/pages\/269","targetHints":{"allow":["GET"]}}],"collection":[{"href":"https:\/\/uhv-untere-oste.de\/index.php?rest_route=\/wp\/v2\/pages"}],"about":[{"href":"https:\/\/uhv-untere-oste.de\/index.php?rest_route=\/wp\/v2\/types\/page"}],"author":[{"embeddable":true,"href":"https:\/\/uhv-untere-oste.de\/index.php?rest_route=\/wp\/v2\/users\/1"}],"replies":[{"embeddable":true,"href":"https:\/\/uhv-untere-oste.de\/index.php?rest_route=%2Fwp%2Fv2%2Fcomments&post=269"}],"version-history":[{"count":23,"href":"https:\/\/uhv-untere-oste.de\/index.php?rest_route=\/wp\/v2\/pages\/269\/revisions"}],"predecessor-version":[{"id":1124,"href":"https:\/\/uhv-untere-oste.de\/index.php?rest_route=\/wp\/v2\/pages\/269\/revisions\/1124"}],"up":[{"embeddable":true,"href":"https:\/\/uhv-untere-oste.de\/index.php?rest_route=\/wp\/v2\/pages\/111"}],"wp:attachment":[{"href":"https:\/\/uhv-untere-oste.de\/index.php?rest_route=%2Fwp%2Fv2%2Fmedia&parent=269"}],"curies":[{"name":"wp","href":"https:\/\/api.w.org\/{rel}","templated":true}]}}