{"id":271,"date":"2019-11-18T07:41:09","date_gmt":"2019-11-18T07:41:09","guid":{"rendered":"http:\/\/wbv-oste.de\/?page_id=271"},"modified":"2023-03-14T08:48:27","modified_gmt":"2023-03-14T08:48:27","slug":"aufgabe-des-verbandes","status":"publish","type":"page","link":"https:\/\/uhv-untere-oste.de\/?page_id=271","title":{"rendered":"Aufgabe des Verbandes"},"content":{"rendered":"\n<h4 class=\"wp-block-heading\">Was geh\u00f6rt zu den Aufgaben des Unterhaltungsverbandes Untere Oste?<\/h4>\n\n\n\n<div style=\"height:50px\" aria-hidden=\"true\" class=\"wp-block-spacer\"><\/div>\n\n\n\n<p><strong>Wasserabfluss <\/strong><\/p>\n\n\n\n<div style=\"height:25px\" aria-hidden=\"true\" class=\"wp-block-spacer\"><\/div>\n\n\n\n<p>Zu den wichtigsten Aufgaben des Unterhaltungsverbandes Untere Oste geh\u00f6rt, dass das anfallende Wasser aus dem Verbandsgebiet, dem Niederschlagsgebiet der unteren Oste, schadlos abgeleitet werden kann. <br>Im Rahmen der Unterhaltung sind die Gew\u00e4sser 2. Ordnung in einem ordnungsm\u00e4\u00dfigen und funktionsgerechten Zustand f\u00fcr den Wasserabfluss zu erhalten (\u00a7 61 NWG).  <br><br>Zu den Unterhaltungsma\u00dfnahmen geh\u00f6ren vor allem das Freihalten oder die Wiederherstellung des notwendigen Abflussprofils zur Erhaltung der hydraulischen Leistungsf\u00e4higkeit, die Geh\u00f6lzpflege und die Beseitigung von Sch\u00e4den am Gew\u00e4sser.&nbsp;&nbsp;<\/p>\n\n\n\n<p>&nbsp; <\/p>\n\n\n\n<p><strong>Instandhaltung der Anlagen <\/strong><\/p>\n\n\n\n<div style=\"height:25px\" aria-hidden=\"true\" class=\"wp-block-spacer\"><\/div>\n\n\n\n<p>Zur Gew\u00e4sserunterhaltung geh\u00f6rt auch der Betrieb und die Unterhaltung von in und an den Gew\u00e4ssern 2. Ordnung stehenden Anlagen (149 Sch\u00f6pfwerke, 32 Siele, 2 D\u00fcker und diverse Staue und Sohlenabst\u00fcrze), die der Abf\u00fchrung des Wassers dienen. <br>Die Gew\u00e4sser sind so zu bewirtschaften, dass sie dem Wohl der Allgemeinheit und im Einklang mit diesem auch dem Nutzen einzelner dienen. <br><br>Bei der Unterhaltung ist die Bedeutung der Gew\u00e4sser als Bestandteil der nat\u00fcrlichen Umwelt, insbesondere als Lebensraum f\u00fcr Pflanzen und Tiere zu ber\u00fccksichtigen.  <\/p>\n\n\n\n<div style=\"height:25px\" aria-hidden=\"true\" class=\"wp-block-spacer\"><\/div>\n\n\n\n<p><strong>Unterhaltung der Verbandsanlagen <\/strong><\/p>\n\n\n\n<div style=\"height:25px\" aria-hidden=\"true\" class=\"wp-block-spacer\"><\/div>\n\n\n\n<p>Die Unterhaltungsarbeiten werden zwischen regelm\u00e4\u00dfig wiederkehrenden, unregelm\u00e4\u00dfig wiederkehrenden und sonstigen Unterhaltungsarbeiten unterschieden: <br>Zu unseren regelm\u00e4\u00dfigen Arbeiten geh\u00f6rt u.a. <br>&#8211; das M\u00e4hen der B\u00f6schungen, <br>&#8211; das Krauten im Gew\u00e4sserbett und <br>&#8211; das Zur\u00fcckschneiden der Anpflanzungen. <br><br>Dazu kommen immer mal wieder das R\u00e4umen des Abflussquerschnitts, das Instandsetzen von Sch\u00e4den an Sch\u00f6pfwerken o.\u00e4. und die Geh\u00f6lzpflege.  <br><br>Zu den Sonstigen Aufgaben geh\u00f6rt die Unterhaltung von Anlagen, die dem Wasserabschluss dienen.  <\/p>\n\n\n\n<figure class=\"wp-block-image size-large is-style-rounded\"><img loading=\"lazy\" decoding=\"async\" width=\"1024\" height=\"683\" src=\"https:\/\/uhv-untere-oste.de\/wp-content\/uploads\/2020\/01\/Nachwuchsf\u00f6rderung_3-1024x683.jpg\" alt=\"\" class=\"wp-image-933\" srcset=\"https:\/\/uhv-untere-oste.de\/wp-content\/uploads\/2020\/01\/Nachwuchsf\u00f6rderung_3-1024x683.jpg 1024w, https:\/\/uhv-untere-oste.de\/wp-content\/uploads\/2020\/01\/Nachwuchsf\u00f6rderung_3-300x200.jpg 300w, https:\/\/uhv-untere-oste.de\/wp-content\/uploads\/2020\/01\/Nachwuchsf\u00f6rderung_3-768x512.jpg 768w, https:\/\/uhv-untere-oste.de\/wp-content\/uploads\/2020\/01\/Nachwuchsf\u00f6rderung_3-1536x1024.jpg 1536w, https:\/\/uhv-untere-oste.de\/wp-content\/uploads\/2020\/01\/Nachwuchsf\u00f6rderung_3-2048x1366.jpg 2048w\" sizes=\"auto, (max-width: 1024px) 100vw, 1024px\" \/><\/figure>\n","protected":false},"excerpt":{"rendered":"<p>Was geh\u00f6rt zu den Aufgaben des Unterhaltungsverbandes Untere Oste? Wasserabfluss Zu den wichtigsten Aufgaben des Unterhaltungsverbandes Untere Oste geh\u00f6rt, dass das anfallende Wasser aus dem Verbandsgebiet, dem Niederschlagsgebiet der unteren Oste, schadlos abgeleitet werden kann. Im Rahmen der Unterhaltung sind die Gew\u00e4sser 2. Ordnung in einem ordnungsm\u00e4\u00dfigen und funktionsgerechten Zustand f\u00fcr den Wasserabfluss zu erhalten [&hellip;]<\/p>\n","protected":false},"author":1,"featured_media":0,"parent":111,"menu_order":1,"comment_status":"closed","ping_status":"closed","template":"template-onecolumn.php","meta":{"footnotes":""},"class_list":["post-271","page","type-page","status-publish","hentry"],"_links":{"self":[{"href":"https:\/\/uhv-untere-oste.de\/index.php?rest_route=\/wp\/v2\/pages\/271","targetHints":{"allow":["GET"]}}],"collection":[{"href":"https:\/\/uhv-untere-oste.de\/index.php?rest_route=\/wp\/v2\/pages"}],"about":[{"href":"https:\/\/uhv-untere-oste.de\/index.php?rest_route=\/wp\/v2\/types\/page"}],"author":[{"embeddable":true,"href":"https:\/\/uhv-untere-oste.de\/index.php?rest_route=\/wp\/v2\/users\/1"}],"replies":[{"embeddable":true,"href":"https:\/\/uhv-untere-oste.de\/index.php?rest_route=%2Fwp%2Fv2%2Fcomments&post=271"}],"version-history":[{"count":10,"href":"https:\/\/uhv-untere-oste.de\/index.php?rest_route=\/wp\/v2\/pages\/271\/revisions"}],"predecessor-version":[{"id":1179,"href":"https:\/\/uhv-untere-oste.de\/index.php?rest_route=\/wp\/v2\/pages\/271\/revisions\/1179"}],"up":[{"embeddable":true,"href":"https:\/\/uhv-untere-oste.de\/index.php?rest_route=\/wp\/v2\/pages\/111"}],"wp:attachment":[{"href":"https:\/\/uhv-untere-oste.de\/index.php?rest_route=%2Fwp%2Fv2%2Fmedia&parent=271"}],"curies":[{"name":"wp","href":"https:\/\/api.w.org\/{rel}","templated":true}]}}