{"id":286,"date":"2019-11-18T08:46:34","date_gmt":"2019-11-18T08:46:34","guid":{"rendered":"http:\/\/wbv-oste.de\/?page_id=286"},"modified":"2023-03-14T08:46:53","modified_gmt":"2023-03-14T08:46:53","slug":"verbandsgebiet","status":"publish","type":"page","link":"https:\/\/uhv-untere-oste.de\/?page_id=286","title":{"rendered":"Verbandsgebiet"},"content":{"rendered":"\n<h3 class=\"has-text-align-center has-large-font-size wp-block-heading\">Welche Bereiche geh\u00f6ren zum <\/h3>\n\n\n\n<h3 class=\"has-text-align-center has-large-font-size wp-block-heading\">Verbandsgebiet des <\/h3>\n\n\n\n<h3 class=\"has-text-align-center has-large-font-size wp-block-heading\">Unterhaltungsverbandes Untere Oste?  <\/h3>\n\n\n\n<div style=\"height:50px\" aria-hidden=\"true\" class=\"wp-block-spacer\"><\/div>\n\n\n\n<p>&#8211; 573 km Gew\u00e4sser II. Ordnung  <br>&#8211; 8 km Gew\u00e4sser III. Ordnung <br>&#8211; 41 M\u00fcndungssch\u00f6pfwerke <br>&#8211; 108 Polder- und Stufensch\u00f6pfwerke  <br>&#8211; 32 Siele  <br>&#8211; 2 D\u00fcker und diverse Sohlabst\u00fcrze und Sohlgleiten <\/p>\n\n\n<div class=\"wp-block-image is-style-rounded\">\n<figure class=\"aligncenter size-large is-resized\"><img loading=\"lazy\" decoding=\"async\" src=\"https:\/\/uhv-untere-oste.de\/wp-content\/uploads\/2023\/03\/image00044-1024x768.jpg\" alt=\"\" class=\"wp-image-1061\" width=\"627\" height=\"471\" srcset=\"https:\/\/uhv-untere-oste.de\/wp-content\/uploads\/2023\/03\/image00044-1024x768.jpg 1024w, https:\/\/uhv-untere-oste.de\/wp-content\/uploads\/2023\/03\/image00044-300x225.jpg 300w, https:\/\/uhv-untere-oste.de\/wp-content\/uploads\/2023\/03\/image00044-768x576.jpg 768w, https:\/\/uhv-untere-oste.de\/wp-content\/uploads\/2023\/03\/image00044-1536x1152.jpg 1536w, https:\/\/uhv-untere-oste.de\/wp-content\/uploads\/2023\/03\/image00044-2048x1536.jpg 2048w\" sizes=\"auto, (max-width: 627px) 100vw, 627px\" \/><\/figure>\n<\/div>\n\n\n<div style=\"height:25px\" aria-hidden=\"true\" class=\"wp-block-spacer\"><\/div>\n\n\n\n<p><br>260 Pumpen leisten in den Sch\u00f6pfwerken 30 bis 5.000 l\/s und die M\u00fcndungssch\u00f6pfwerke f\u00f6rdern rund 100.000 l\/s in die Oste wenn alle Pumpen laufen. <\/p>\n\n\n\n<div style=\"height:50px\" aria-hidden=\"true\" class=\"wp-block-spacer\"><\/div>\n\n\n\n<div class=\"wp-block-columns is-layout-flex wp-container-core-columns-is-layout-9d6595d7 wp-block-columns-is-layout-flex\">\n<div class=\"wp-block-column is-layout-flow wp-block-column-is-layout-flow\">\n<p>Das Verbandsgebiet hat eine Gr\u00f6\u00dfe von ca. 73.000 ha und entspricht dem Niederschlags- bzw. Einzugsgebiet der Oste von Bremerv\u00f6rde bis zur Einm\u00fcndung in die Elbe.&nbsp;&nbsp;Es erstreckt sich auf die Landkreise Cuxhaven, Rotenburg und Stade.&nbsp; <\/p>\n\n\n\n<div style=\"height:25px\" aria-hidden=\"true\" class=\"wp-block-spacer\"><\/div>\n\n\n\n<div class=\"wp-block-group\"><div class=\"wp-block-group__inner-container is-layout-flow wp-block-group-is-layout-flow\">\n<p>Die einzelnen Landkreise sind fl\u00e4chenm\u00e4\u00dfig wie folgt beteiligt:  <\/p>\n<\/div><\/div>\n\n\n\n<p><\/p>\n\n\n\n<div id=\"footable_parent_677\"\n         class=\" footable_parent ninja_table_wrapper loading_ninja_table wp_table_data_press_parent semantic_ui \">\n                <table data-ninja_table_instance=\"ninja_table_instance_0\" data-footable_id=\"677\" data-filter-delay=\"1000\" aria-label=\"Fl\u00e4chengebiete\"            id=\"footable_677\"\n           data-unique_identifier=\"ninja_table_unique_id_1991805058_677\"\n           class=\" foo-table ninja_footable foo_table_677 ninja_table_unique_id_1991805058_677 ui table  nt_type_ajax_table selectable striped vertical_centered  footable-paging-right ninja_table_search_disabled\">\n                <colgroup>\n                            <col class=\"ninja_column_0 \">\n                            <col class=\"ninja_column_1 \">\n                    <\/colgroup>\n            <\/table>\n    \n    \n    \n<\/div>\n\n\n\n\n<p><\/p>\n<\/div>\n\n\n\n<div class=\"wp-block-column is-layout-flow wp-block-column-is-layout-flow\">\n<figure class=\"wp-block-image size-large is-style-default\"><img loading=\"lazy\" decoding=\"async\" width=\"865\" height=\"1024\" src=\"https:\/\/uhv-untere-oste.de\/wp-content\/uploads\/2023\/03\/Bild-Verbandsgebiet-A4-865x1024.jpg\" alt=\"\" class=\"wp-image-1166\" srcset=\"https:\/\/uhv-untere-oste.de\/wp-content\/uploads\/2023\/03\/Bild-Verbandsgebiet-A4-865x1024.jpg 865w, https:\/\/uhv-untere-oste.de\/wp-content\/uploads\/2023\/03\/Bild-Verbandsgebiet-A4-253x300.jpg 253w, https:\/\/uhv-untere-oste.de\/wp-content\/uploads\/2023\/03\/Bild-Verbandsgebiet-A4-768x909.jpg 768w, https:\/\/uhv-untere-oste.de\/wp-content\/uploads\/2023\/03\/Bild-Verbandsgebiet-A4.jpg 973w\" sizes=\"auto, (max-width: 865px) 100vw, 865px\" \/><\/figure>\n<\/div>\n<\/div>\n","protected":false},"excerpt":{"rendered":"<p>Welche Bereiche geh\u00f6ren zum Verbandsgebiet des Unterhaltungsverbandes Untere Oste? &#8211; 573 km Gew\u00e4sser II. Ordnung &#8211; 8 km Gew\u00e4sser III. Ordnung &#8211; 41 M\u00fcndungssch\u00f6pfwerke &#8211; 108 Polder- und Stufensch\u00f6pfwerke &#8211; 32 Siele &#8211; 2 D\u00fcker und diverse Sohlabst\u00fcrze und Sohlgleiten 260 Pumpen leisten in den Sch\u00f6pfwerken 30 bis 5.000 l\/s und die M\u00fcndungssch\u00f6pfwerke f\u00f6rdern rund [&hellip;]<\/p>\n","protected":false},"author":1,"featured_media":0,"parent":111,"menu_order":0,"comment_status":"closed","ping_status":"closed","template":"template-twocolumnsleft.php","meta":{"footnotes":""},"class_list":["post-286","page","type-page","status-publish","hentry"],"_links":{"self":[{"href":"https:\/\/uhv-untere-oste.de\/index.php?rest_route=\/wp\/v2\/pages\/286","targetHints":{"allow":["GET"]}}],"collection":[{"href":"https:\/\/uhv-untere-oste.de\/index.php?rest_route=\/wp\/v2\/pages"}],"about":[{"href":"https:\/\/uhv-untere-oste.de\/index.php?rest_route=\/wp\/v2\/types\/page"}],"author":[{"embeddable":true,"href":"https:\/\/uhv-untere-oste.de\/index.php?rest_route=\/wp\/v2\/users\/1"}],"replies":[{"embeddable":true,"href":"https:\/\/uhv-untere-oste.de\/index.php?rest_route=%2Fwp%2Fv2%2Fcomments&post=286"}],"version-history":[{"count":25,"href":"https:\/\/uhv-untere-oste.de\/index.php?rest_route=\/wp\/v2\/pages\/286\/revisions"}],"predecessor-version":[{"id":1177,"href":"https:\/\/uhv-untere-oste.de\/index.php?rest_route=\/wp\/v2\/pages\/286\/revisions\/1177"}],"up":[{"embeddable":true,"href":"https:\/\/uhv-untere-oste.de\/index.php?rest_route=\/wp\/v2\/pages\/111"}],"wp:attachment":[{"href":"https:\/\/uhv-untere-oste.de\/index.php?rest_route=%2Fwp%2Fv2%2Fmedia&parent=286"}],"curies":[{"name":"wp","href":"https:\/\/api.w.org\/{rel}","templated":true}]}}