{"id":685,"date":"2019-12-06T06:38:24","date_gmt":"2019-12-06T06:38:24","guid":{"rendered":"http:\/\/wbv-oste.de\/?page_id=685"},"modified":"2019-12-10T10:38:42","modified_gmt":"2019-12-10T10:38:42","slug":"gut-zu-wissen","status":"publish","type":"page","link":"https:\/\/uhv-untere-oste.de\/?page_id=685","title":{"rendered":"Gut zu wissen"},"content":{"rendered":"\n<p><\/p>\n\n\n\n<p><\/p>\n\n\n\n<h2 class=\"wp-block-heading\">Wissenswertes f\u00fcr Sie zusammengefasst<\/h2>\n\n\n\n<div style=\"height:50px\" aria-hidden=\"true\" class=\"wp-block-spacer\"><\/div>\n\n\n\n<h4 class=\"wp-block-heading\">Das Geheimnis der modernen Gew\u00e4sserunterhaltung<\/h4>\n\n\n\n<div style=\"height:25px\" aria-hidden=\"true\" class=\"wp-block-spacer\"><\/div>\n\n\n\n<p>Der Wasserverbandstag e.V. in Hannover (Dachorganisation der Gew\u00e4sserunterhaltungsverb\u00e4nde in Niedersachsen) hat einen neuen Informationsfilm \u00fcber die Gew\u00e4sserunterhaltung, insbesondere in Niedersachsen, erstellt. <br><br>In dem Film wird deutlich, dass moderne Gew\u00e4sserunterhaltung immer ein Abw\u00e4gungsprozess zwischen der Sicherstellung des ordnungsgem\u00e4\u00dfen Wasserabflusses und der Betrachtung des Gew\u00e4ssers als Lebensraum f\u00fcr Pflanzen und Tiere ist. <br><br>Der hoch interessante Film mit dem Titel &#8222;Das Geheimnis der modernen Gew\u00e4sserunterhaltung&#8220; ist zum Beispiel unter folgendem Link auf Youtube zu sehen:<\/p>\n\n\n\n<figure class=\"wp-block-embed-youtube wp-block-embed is-type-video is-provider-youtube wp-embed-aspect-16-9 wp-has-aspect-ratio\"><div class=\"wp-block-embed__wrapper\">\n<iframe loading=\"lazy\" title=\"Das Geheimnis der modernen Gew\u00e4sserunterhaltung\" width=\"640\" height=\"360\" src=\"https:\/\/www.youtube.com\/embed\/etBMBG2VZ6I?feature=oembed\" frameborder=\"0\" allow=\"accelerometer; autoplay; clipboard-write; encrypted-media; gyroscope; picture-in-picture; web-share\" referrerpolicy=\"strict-origin-when-cross-origin\" allowfullscreen><\/iframe>\n<\/div><\/figure>\n\n\n\n<div style=\"height:50px\" aria-hidden=\"true\" class=\"wp-block-spacer\"><\/div>\n\n\n\n<h4 class=\"wp-block-heading\">EG-Wasserrahmenrichtlinie<\/h4>\n\n\n\n<div style=\"height:25px\" aria-hidden=\"true\" class=\"wp-block-spacer\"><\/div>\n\n\n\n<p>Im Jahr 2013 wurde die Bestandsaufnahme zur Vorbereitung des n\u00e4chsten Bewirtschaftungsplans, der seit Ende 2014 im Entwurf f\u00fcr die \u00d6ffentlichkeit ausliegt, aktualisiert. Die Anh\u00f6rungsdokumente des Flussgebietes Elbe zu den internationalen und nationalen Bewirtschaftungspl\u00e4nen und Ma\u00dfnahmenprogrammen sowie der Umweltberichte und die Entw\u00fcrfe der nieders\u00e4chsischen Beitr\u00e4ge zu den Bewirtschaftungspl\u00e4nen und Ma\u00dfnahmenprogramme 2015 bis 2021 der Flussgebiete Elbe, Weser, Ems und Rhein liegen bis zum 22. Juni 2015 beim NLWKN aus und k\u00f6nnen im Internet eingesehen werden.  Im Jahr 2012 wurde ein digitaler Bericht an die EU \u00fcber die seit dem Jahr 2010 durchgef\u00fchrten bzw. begonnenen Ma\u00dfnahmen erstellt.<\/p>\n\n\n\n<p><\/p>\n\n\n\n<p>Klicken Sie<a href=\"https:\/\/www.nlwkn.niedersachsen.de\/wasserwirtschaft\/egwasserrahmenrichtlinie\/umsetzung_egwrrl\/bewirtschaftungsplaene\/anhoerung-zu-den-entwuerfen-des-bewirtschaftungsplans-und-manahmenprogramms-beginnt-am-22122014-128758.html\"> hier,<\/a> um die aktualisierten WRRL Bewirtschaftungspl\u00e4ne und Ma\u00dfnahmenprogramme f\u00fcr den Zeitraum 2015 bis 2021 einzusehen<\/p>\n\n\n\n<p><\/p>\n","protected":false},"excerpt":{"rendered":"<p>Wissenswertes f\u00fcr Sie zusammengefasst Das Geheimnis der modernen Gew\u00e4sserunterhaltung Der Wasserverbandstag e.V. in Hannover (Dachorganisation der Gew\u00e4sserunterhaltungsverb\u00e4nde in Niedersachsen) hat einen neuen Informationsfilm \u00fcber die Gew\u00e4sserunterhaltung, insbesondere in Niedersachsen, erstellt. In dem Film wird deutlich, dass moderne Gew\u00e4sserunterhaltung immer ein Abw\u00e4gungsprozess zwischen der Sicherstellung des ordnungsgem\u00e4\u00dfen Wasserabflusses und der Betrachtung des Gew\u00e4ssers als Lebensraum f\u00fcr [&hellip;]<\/p>\n","protected":false},"author":1,"featured_media":0,"parent":111,"menu_order":6,"comment_status":"closed","ping_status":"closed","template":"","meta":{"footnotes":""},"class_list":["post-685","page","type-page","status-publish","hentry"],"_links":{"self":[{"href":"https:\/\/uhv-untere-oste.de\/index.php?rest_route=\/wp\/v2\/pages\/685","targetHints":{"allow":["GET"]}}],"collection":[{"href":"https:\/\/uhv-untere-oste.de\/index.php?rest_route=\/wp\/v2\/pages"}],"about":[{"href":"https:\/\/uhv-untere-oste.de\/index.php?rest_route=\/wp\/v2\/types\/page"}],"author":[{"embeddable":true,"href":"https:\/\/uhv-untere-oste.de\/index.php?rest_route=\/wp\/v2\/users\/1"}],"replies":[{"embeddable":true,"href":"https:\/\/uhv-untere-oste.de\/index.php?rest_route=%2Fwp%2Fv2%2Fcomments&post=685"}],"version-history":[{"count":7,"href":"https:\/\/uhv-untere-oste.de\/index.php?rest_route=\/wp\/v2\/pages\/685\/revisions"}],"predecessor-version":[{"id":787,"href":"https:\/\/uhv-untere-oste.de\/index.php?rest_route=\/wp\/v2\/pages\/685\/revisions\/787"}],"up":[{"embeddable":true,"href":"https:\/\/uhv-untere-oste.de\/index.php?rest_route=\/wp\/v2\/pages\/111"}],"wp:attachment":[{"href":"https:\/\/uhv-untere-oste.de\/index.php?rest_route=%2Fwp%2Fv2%2Fmedia&parent=685"}],"curies":[{"name":"wp","href":"https:\/\/api.w.org\/{rel}","templated":true}]}}