{"id":921,"date":"2020-01-17T10:01:01","date_gmt":"2020-01-17T10:01:01","guid":{"rendered":"http:\/\/wbv-oste.de\/?page_id=921"},"modified":"2023-03-30T07:32:54","modified_gmt":"2023-03-30T07:32:54","slug":"rund-um-den-beitrag","status":"publish","type":"page","link":"https:\/\/uhv-untere-oste.de\/?page_id=921","title":{"rendered":"Rund um den Beitrag"},"content":{"rendered":"\n<h1 class=\"wp-block-heading has-text-color\" style=\"color:#1f4966\">Erl\u00e4uterungen zum Mindestbeitrag und Erschwernisbeitrag<\/h1>\n\n\n\n<div style=\"height:60px\" aria-hidden=\"true\" class=\"wp-block-spacer\"><\/div>\n\n\n\n<p class=\"has-text-color\" style=\"color:#1f4966\">Der nieders\u00e4chsische Gesetzgeber hat mit der <strong>Novellierung des NWG<\/strong> (Gesetz zur \u00c4nderung des NWG und des Nieders\u00e4chsischen Fischereigesetzes vom 26.04.2007, Nds. Gesetz- und Verordnungsblatt 2007, S. 144) die Art und Weise der Berechnung der Erschwernisbeitr\u00e4ge und Mindestbeitr\u00e4ge festgelegt.<\/p>\n\n\n\n<p class=\"has-text-color\" style=\"color:#1f4966\"><\/p>\n\n\n\n<p class=\"has-text-color\" style=\"color:#1f4966\"><em><strong>Was sind Erschwernisbeitr\u00e4ge und Mindestbeitr\u00e4ge?<\/strong><\/em><\/p>\n\n\n\n<p class=\"has-text-color\" style=\"color:#1f4966\">Ein <strong>Erschwernisbeitrag<\/strong> ist vom Mitglied zus\u00e4tzlich zum normalen Fl\u00e4chenma\u00dfstab dann zu zahlen, wenn Besonderheiten des Grundst\u00fccks zu einem verst\u00e4rkten oder erh\u00f6hten Wasserabfluss f\u00fchren und dadurch erh\u00f6hte Unterhaltungsaufwendungen beim Verband entstehen. Dies ist insbesondere bei Grundst\u00fccken, die zu einem bestimmten Anteil versiegelt sind, der Fall, weil durch die Verdichtung der Erdoberfl\u00e4che das Wasser nicht vollst\u00e4ndig versickern und verdunsten kann, wie es bei &#8222;gr\u00fcnen&#8220; Grundst\u00fccken m\u00f6glich ist.<\/p>\n\n\n\n<p class=\"has-text-color\" style=\"color:#1f4966\">Ein <strong>Mindestbeitrag<\/strong> ist dagegen von demjenigen Grundst\u00fcckseigent\u00fcmer zu zahlen, auf dessen Grundst\u00fcck bei Anwendung des sonstigen Beitragsverh\u00e4ltnisses nur ein so geringer Beitrag entfiele, dass die Hebung nicht einmal die durch die Mitgliedschaft verursachten Verwaltungskosten abdeckte, dessen Grundst\u00fcck jedoch eigentlich einen h\u00f6heren Vorteil durch die Verbandsaufgabe der Entw\u00e4sserung erf\u00e4hrt.<\/p>\n\n\n\n<p class=\"has-text-color\" style=\"color:#1f4966\"><\/p>\n\n\n\n<p class=\"has-text-color\" style=\"color:#1f4966\"><\/p>\n\n\n\n<p class=\"has-text-color\" style=\"color:#1f4966\"><strong><em>Im Folgenden werden die Regelungen im Gesetz n\u00e4her erl\u00e4utert:<\/em><\/strong><\/p>\n\n\n\n<p class=\"has-text-color\" style=\"color:#1f4966\"><strong><u>Erschwernisbeitr\u00e4ge:<\/u><\/strong><\/p>\n\n\n\n<p class=\"has-text-color\" style=\"color:#1f4966\">Es wurde eine Tabelle (Anlage 6 zu \u00a7 101 Absatz 3 Satz 4) im NWG eingef\u00fcgt, die eine Zuordnung der Grundst\u00fccke zum Versiegelungsgrad enth\u00e4lt. Die H\u00f6he des Erschwernisbeitrages ist wiederum abh\u00e4ngig vom Versiegelungsgrad. F\u00fcr <strong>leicht versiegelte<\/strong> Grundst\u00fccke (z. B. Sportfl\u00e4chen, Gr\u00fcnanlagen, Deiche) m\u00fcssen <strong>1 ha-Satz<\/strong>, f\u00fcr <strong>mitteldicht versiegelte<\/strong> Grundst\u00fccke (z. B. Stra\u00dfen, Wege, Bahnanlagen) <strong>2,5 ha-S\u00e4tze<\/strong> und f\u00fcr <strong>st\u00e4rker versiegelte<\/strong> Fl\u00e4chen (s\u00e4mtliche Geb\u00e4ude- u. Freifl\u00e4chen) <strong>4 ha-S\u00e4tze<\/strong> zus\u00e4tzlich zum normalen Fl\u00e4chenbeitrag gezahlt werden. Beispielsweise muss f\u00fcr ein st\u00e4rker versiegeltes Wohngrundst\u00fcck mit der Kennung 21130 also 1 normaler ha-Satz nach dem Fl\u00e4chenma\u00dfstab und 4 ha-S\u00e4tze zus\u00e4tzlich als Erschwernisbeitrag, insgesamt also der 5-fache ha-Satz gezahlt werden.<\/p>\n\n\n\n<p class=\"has-text-color\" style=\"color:#1f4966\">Der Gesetzgeber ist dabei von durchschnittlichen Abflussbeiwerten ausgegangen und hat durchaus ber\u00fccksichtigt, dass viele Grundst\u00fccke nat\u00fcrlich nicht vollst\u00e4ndig versiegelt sind und teilweise \u00fcber R\u00fcckhalte- und Versickerungsanlagen verf\u00fcgen.<\/p>\n\n\n\n<p class=\"has-text-color\" style=\"color:#1f4966\">Die Vorgaben in der Neuregelung im NWG sind abschlie\u00dfend und zwingend. Der UHV kann an den H\u00f6hen der Erschwerniszuschl\u00e4ge f\u00fcr die bezeichneten Grundst\u00fccke nichts \u00e4ndern; ihm ist auch <strong>kein Ermessen<\/strong> einger\u00e4umt, bestimmte Grundst\u00fccke mit anderen Erschwernish\u00f6hen zu versehen.<\/p>\n\n\n\n<p class=\"has-text-color\" style=\"color:#1f4966\"><strong><u>Mindestbeitrag:<\/u><\/strong><\/p>\n\n\n\n<p class=\"has-text-color\" style=\"color:#1f4966\">Beim Mindestbeitrag, der wie bisher in \u00a7 101 Absatz 3 Satz 2 NWG geregelt bleibt, hat der nieders\u00e4chsische Gesetzgeber zur Vermeidung von Rechtsunsicherheiten eine bestimmte H\u00f6he vorgegeben, n\u00e4mlich in der Regel die H\u00f6he des ha-Satzes, mit dem sich der normale Fl\u00e4chenbeitrag berechnet. Um den Mindestbeitrag bei den besonders stark von der Wasserlast betroffenen Verb\u00e4nden wie dem UHV mit sehr hohen Beitr\u00e4gen nicht zu hoch werden zu lassen, hat der Gesetzgeber die maximale H\u00f6he des Mindestbeitrages auf <strong>25,00 Euro<\/strong> pro Jahr begrenzt.<\/p>\n\n\n\n<p class=\"has-text-color\" style=\"color:#1f4966\">Dem UHV ist <strong>kein Ermessen bei der Berechnung der Mindestbeitragsh\u00f6he<\/strong> einger\u00e4umt. Die h\u00f6here Belastung erschien dem nieders\u00e4chsischen Gesetzgeber zumutbar, da auch die zuk\u00fcnftig zu zahlenden Summen im Vergleich zu dem durch die Unterhaltungsverb\u00e4nde gew\u00e4hrten Schutz vor der Vern\u00e4ssung der Grundst\u00fccke als sehr gering einzusch\u00e4tzen sind.<\/p>\n","protected":false},"excerpt":{"rendered":"<p>Erl\u00e4uterungen zum Mindestbeitrag und Erschwernisbeitrag Der nieders\u00e4chsische Gesetzgeber hat mit der Novellierung des NWG (Gesetz zur \u00c4nderung des NWG und des Nieders\u00e4chsischen Fischereigesetzes vom 26.04.2007, Nds. Gesetz- und Verordnungsblatt 2007, S. 144) die Art und Weise der Berechnung der Erschwernisbeitr\u00e4ge und Mindestbeitr\u00e4ge festgelegt. Was sind Erschwernisbeitr\u00e4ge und Mindestbeitr\u00e4ge? Ein Erschwernisbeitrag ist vom Mitglied zus\u00e4tzlich zum [&hellip;]<\/p>\n","protected":false},"author":1,"featured_media":0,"parent":0,"menu_order":0,"comment_status":"closed","ping_status":"closed","template":"","meta":{"footnotes":""},"class_list":["post-921","page","type-page","status-publish","hentry"],"_links":{"self":[{"href":"https:\/\/uhv-untere-oste.de\/index.php?rest_route=\/wp\/v2\/pages\/921","targetHints":{"allow":["GET"]}}],"collection":[{"href":"https:\/\/uhv-untere-oste.de\/index.php?rest_route=\/wp\/v2\/pages"}],"about":[{"href":"https:\/\/uhv-untere-oste.de\/index.php?rest_route=\/wp\/v2\/types\/page"}],"author":[{"embeddable":true,"href":"https:\/\/uhv-untere-oste.de\/index.php?rest_route=\/wp\/v2\/users\/1"}],"replies":[{"embeddable":true,"href":"https:\/\/uhv-untere-oste.de\/index.php?rest_route=%2Fwp%2Fv2%2Fcomments&post=921"}],"version-history":[{"count":3,"href":"https:\/\/uhv-untere-oste.de\/index.php?rest_route=\/wp\/v2\/pages\/921\/revisions"}],"predecessor-version":[{"id":1217,"href":"https:\/\/uhv-untere-oste.de\/index.php?rest_route=\/wp\/v2\/pages\/921\/revisions\/1217"}],"wp:attachment":[{"href":"https:\/\/uhv-untere-oste.de\/index.php?rest_route=%2Fwp%2Fv2%2Fmedia&parent=921"}],"curies":[{"name":"wp","href":"https:\/\/api.w.org\/{rel}","templated":true}]}}