{"id":985,"date":"2020-02-17T07:11:10","date_gmt":"2020-02-17T07:11:10","guid":{"rendered":"http:\/\/wbv-oste.de\/?page_id=985"},"modified":"2020-02-17T07:12:35","modified_gmt":"2020-02-17T07:12:35","slug":"gewaesseraufteilung","status":"publish","type":"page","link":"https:\/\/uhv-untere-oste.de\/?page_id=985","title":{"rendered":"Gew\u00e4sseraufteilung"},"content":{"rendered":"\n<h2 class=\"wp-block-heading\">Gew\u00e4sseraufteilung<\/h2>\n\n\n\n<p>Nach dem Nieders\u00e4chsischen Wassergesetz (NWG) werden die oberirdischen Gew\u00e4sser in drei Kategorien eingeteilt: <\/p>\n\n\n\n<ul class=\"wp-block-list\"><li><strong>Gew\u00e4sser 1. Ordnung:   <\/strong><br>Gew\u00e4sser mit erheblicher Bedeutung f\u00fcr die Wasserwirtschaft<\/li><li><strong>Gew\u00e4sser 2. Ordnung:      <\/strong><br>Gew\u00e4sser mit \u00fcber\u00f6rtlicher Bedeutung f\u00fcr das Gebiet eines      Unterhaltungsverbandes<\/li><li><strong>Gew\u00e4sser 3. Ordnung:      <\/strong><br>Gew\u00e4sser, die nicht Gew\u00e4sser I. oder II. Ordnung sind<\/li><\/ul>\n\n\n\n<p>W\u00e4hrend die Unterhaltungspflicht f\u00fcr die Gew\u00e4sser 1. und 3. Ordnung bei den jeweiligen Eigent\u00fcmern der Gew\u00e4sser liegt, m\u00fcssen die Gew\u00e4sser 2. Ordnung grunds\u00e4tzlich von den in Niedersachsen fl\u00e4chendeckend gebildeten 107 Unterhaltungsverb\u00e4nden unterhalten werden.<\/p>\n","protected":false},"excerpt":{"rendered":"<p>Gew\u00e4sseraufteilung Nach dem Nieders\u00e4chsischen Wassergesetz (NWG) werden die oberirdischen Gew\u00e4sser in drei Kategorien eingeteilt: Gew\u00e4sser 1. Ordnung: Gew\u00e4sser mit erheblicher Bedeutung f\u00fcr die Wasserwirtschaft Gew\u00e4sser 2. Ordnung: Gew\u00e4sser mit \u00fcber\u00f6rtlicher Bedeutung f\u00fcr das Gebiet eines Unterhaltungsverbandes Gew\u00e4sser 3. Ordnung: Gew\u00e4sser, die nicht Gew\u00e4sser I. oder II. Ordnung sind W\u00e4hrend die Unterhaltungspflicht f\u00fcr die Gew\u00e4sser 1. [&hellip;]<\/p>\n","protected":false},"author":1,"featured_media":0,"parent":0,"menu_order":0,"comment_status":"closed","ping_status":"closed","template":"","meta":{"footnotes":""},"class_list":["post-985","page","type-page","status-publish","hentry"],"_links":{"self":[{"href":"https:\/\/uhv-untere-oste.de\/index.php?rest_route=\/wp\/v2\/pages\/985","targetHints":{"allow":["GET"]}}],"collection":[{"href":"https:\/\/uhv-untere-oste.de\/index.php?rest_route=\/wp\/v2\/pages"}],"about":[{"href":"https:\/\/uhv-untere-oste.de\/index.php?rest_route=\/wp\/v2\/types\/page"}],"author":[{"embeddable":true,"href":"https:\/\/uhv-untere-oste.de\/index.php?rest_route=\/wp\/v2\/users\/1"}],"replies":[{"embeddable":true,"href":"https:\/\/uhv-untere-oste.de\/index.php?rest_route=%2Fwp%2Fv2%2Fcomments&post=985"}],"version-history":[{"count":2,"href":"https:\/\/uhv-untere-oste.de\/index.php?rest_route=\/wp\/v2\/pages\/985\/revisions"}],"predecessor-version":[{"id":988,"href":"https:\/\/uhv-untere-oste.de\/index.php?rest_route=\/wp\/v2\/pages\/985\/revisions\/988"}],"wp:attachment":[{"href":"https:\/\/uhv-untere-oste.de\/index.php?rest_route=%2Fwp%2Fv2%2Fmedia&parent=985"}],"curies":[{"name":"wp","href":"https:\/\/api.w.org\/{rel}","templated":true}]}}